{"id":2033,"date":"2017-12-09T22:03:24","date_gmt":"2017-12-09T20:03:24","guid":{"rendered":"https:\/\/www.felinemelinda.com\/?page_id=2033"},"modified":"2017-12-09T22:03:24","modified_gmt":"2017-12-09T20:03:24","slug":"","status":"publish","type":"page","link":"https:\/\/www.felinemelinda.com\/?page_id=2033","title":{"rendered":"Cookies"},"content":{"rendered":"<p>Auf dieser Webseite werden so genannte \u201eCookies\u201c verwendet, das sind kleine Informationsdateien, die vom Server einer Webseite \u00fcber den Browser vor\u00fcbergehend oder st\u00e4ndig auf Ihrem Computer oder anderem Ger\u00e4t gespeichert werden und die Nutzung der Webseite vereinfachen, vervollst\u00e4ndigen oder personalisieren.<\/p>\n<div>Durch die Nutzung dieser Website erkl\u00e4ren Sie sich mit der Bearbeitung der \u00fcber Sie erhobenen Daten durch Google einverstanden.Sie k\u00f6nnen in Ihrem Browser die Speicherung von Cookies desaktivieren oder gespeicherte Cookies l\u00f6schen, wodurch es jedoch unter Umst\u00e4nden zu einer eingeschr\u00e4nkten Funktionalit\u00e4t, zu Verz\u00f6gerungen oder zu einer Unbrauchbarkeit bestimmter Teile der Webseite kommen kann.<\/div>\n<div>F\u00fcr weitere Informationen \u00fcber Cookies und dar\u00fcber, wie Sie diese, je nach verwendetem Browsertyp, l\u00f6schen k\u00f6nnen, verweist platzerimmobilien.com auf folgende Webseite:<\/div>\n<div>support.google.com\/accounts\/answer\/32050<\/div>\n<div>&nbsp;<\/div>\n<div>Alle Marketing-Cookies k\u00f6nnen \u00fcber diesen Link blockiert werden:&nbsp;<a title=\"Opens internal link in new window\" href=\"http:\/\/www.youronlinechoices.com\/\" target=\"_blank\" rel=\"noopener\">http:\/\/www.youronlinechoices.com\/<\/a><\/div>\n","protected":false},"excerpt":{"rendered":"<p>Auf dieser Webseite werden so genannte \u201eCookies\u201c verwendet, das sind kleine Informationsdateien, die vom Server einer Webseite \u00fcber den Browser vor\u00fcbergehend oder st\u00e4ndig auf Ihrem Computer oder anderem Ger\u00e4t gespeichert werden und die Nutzung der Webseite vereinfachen, vervollst\u00e4ndigen oder personalisieren. &hellip; <a href=\"https:\/\/www.felinemelinda.com\/?page_id=2033\">Continue reading <span class=\"meta-nav\">&rarr;<\/span><\/a><\/p>\n","protected":false},"author":4,"featured_media":0,"parent":33,"menu_order":0,"comment_status":"closed","ping_status":"closed","template":"","meta":{"ngg_post_thumbnail":0,"footnotes":""},"class_list":["post-2033","page","type-page","status-publish","hentry"],"_links":{"self":[{"href":"https:\/\/www.felinemelinda.com\/index.php?rest_route=\/wp\/v2\/pages\/2033","targetHints":{"allow":["GET"]}}],"collection":[{"href":"https:\/\/www.felinemelinda.com\/index.php?rest_route=\/wp\/v2\/pages"}],"about":[{"href":"https:\/\/www.felinemelinda.com\/index.php?rest_route=\/wp\/v2\/types\/page"}],"author":[{"embeddable":true,"href":"https:\/\/www.felinemelinda.com\/index.php?rest_route=\/wp\/v2\/users\/4"}],"replies":[{"embeddable":true,"href":"https:\/\/www.felinemelinda.com\/index.php?rest_route=%2Fwp%2Fv2%2Fcomments&post=2033"}],"version-history":[{"count":1,"href":"https:\/\/www.felinemelinda.com\/index.php?rest_route=\/wp\/v2\/pages\/2033\/revisions"}],"predecessor-version":[{"id":2034,"href":"https:\/\/www.felinemelinda.com\/index.php?rest_route=\/wp\/v2\/pages\/2033\/revisions\/2034"}],"up":[{"embeddable":true,"href":"https:\/\/www.felinemelinda.com\/index.php?rest_route=\/wp\/v2\/pages\/33"}],"wp:attachment":[{"href":"https:\/\/www.felinemelinda.com\/index.php?rest_route=%2Fwp%2Fv2%2Fmedia&parent=2033"}],"curies":[{"name":"wp","href":"https:\/\/api.w.org\/{rel}","templated":true}]}}